{"id":86,"date":"2020-03-23T11:30:41","date_gmt":"2020-03-23T11:30:41","guid":{"rendered":"https:\/\/demosites.io\/rokophoto-gb\/?page_id=86"},"modified":"2023-12-15T15:33:51","modified_gmt":"2023-12-15T14:33:51","slug":"98ee9-home","status":"publish","type":"page","link":"https:\/\/www.westward.sk\/","title":{"rendered":"Home"},"content":{"rendered":"\n<div id=\"wp-block-themeisle-blocks-advanced-columns-427f53fe\" class=\"wp-block-themeisle-blocks-advanced-columns alignfull has-1-columns has-desktop-equal-layout has-tablet-equal-layout has-mobile-equal-layout has-vertical-unset has-dark-bg\"><div class=\"wp-block-themeisle-blocks-advanced-columns-overlay\"><\/div><div class=\"innerblocks-wrap\">\n<div id=\"wp-block-themeisle-blocks-advanced-column-e917b60f\" class=\"wp-block-themeisle-blocks-advanced-column\">\n<h2 id=\"wp-block-themeisle-blocks-advanced-heading-085cae8d\" class=\"wp-block-themeisle-blocks-advanced-heading wp-block-themeisle-blocks-advanced-heading-085cae8d\">WESTWARD Trading s.r.o.<\/h2>\n\n\n\n<div style=\"height:24px\" aria-hidden=\"true\" class=\"wp-block-spacer\"><\/div>\n\n\n\n<div style=\"height:20px\" aria-hidden=\"true\" class=\"wp-block-spacer\"><\/div>\n<\/div>\n<\/div><\/div>\n\n\n\n<div id=\"wp-block-themeisle-blocks-advanced-columns-62386cc2\" class=\"wp-block-themeisle-blocks-advanced-columns has-1-columns has-desktop-equal-layout has-tablet-equal-layout has-mobile-equal-layout has-vertical-unset\"><div class=\"wp-block-themeisle-blocks-advanced-columns-overlay\"><\/div><div class=\"innerblocks-wrap\">\n<div id=\"wp-block-themeisle-blocks-advanced-column-bc41f929\" class=\"wp-block-themeisle-blocks-advanced-column\">\n<h2 id=\"wp-block-themeisle-blocks-advanced-heading-bc36dd7f\" class=\"wp-block-themeisle-blocks-advanced-heading wp-block-themeisle-blocks-advanced-heading-bc36dd7f\">Na\u0161e projekty<\/h2>\n<\/div>\n<\/div><\/div>\n\n\n\n<div id=\"wp-block-themeisle-blocks-advanced-columns-31e21002\" class=\"wp-block-themeisle-blocks-advanced-columns alignfull has-3-columns has-desktop-equal-layout has-tablet-equal-layout has-mobile-collapsedRows-layout has-vertical-unset\"><div class=\"wp-block-themeisle-blocks-advanced-columns-overlay\"><\/div><div class=\"innerblocks-wrap\">\n<div id=\"wp-block-themeisle-blocks-advanced-column-c9be9e5d\" class=\"wp-block-themeisle-blocks-advanced-column has-light-bg\">\n<figure class=\"wp-block-image size-full\"><a href=\"www.ladovevino.sk\"><img decoding=\"async\" width=\"580\" height=\"580\" src=\"https:\/\/www.westward.sk\/wp-content\/uploads\/2023\/12\/1buffalohunterwinery.png\" alt=\"\" class=\"wp-image-252\" srcset=\"https:\/\/www.westward.sk\/wp-content\/uploads\/2023\/12\/1buffalohunterwinery.png 580w, https:\/\/www.westward.sk\/wp-content\/uploads\/2023\/12\/1buffalohunterwinery-300x300.png 300w, https:\/\/www.westward.sk\/wp-content\/uploads\/2023\/12\/1buffalohunterwinery-150x150.png 150w\" sizes=\"(max-width: 580px) 100vw, 580px\" \/><\/a><\/figure>\n\n\n\n<h3 id=\"wp-block-themeisle-blocks-advanced-heading-0844e979\" class=\"wp-block-themeisle-blocks-advanced-heading wp-block-themeisle-blocks-advanced-heading-0844e979\"><a href=\"http:\/\/www.ladovevino.sk\">www.ladovevino.sk<\/a><\/h3>\n\n\n\n<p class=\"has-text-align-center has-neve-text-color-color has-text-color\">100% kanadsk\u00e9 \u013eadov\u00e9 v\u00edno z oblasti Niagara Peninsula v Ontariu. <br><br>  <\/p>\n<\/div>\n\n\n\n<div id=\"wp-block-themeisle-blocks-advanced-column-6973b905\" class=\"wp-block-themeisle-blocks-advanced-column\">\n<figure class=\"wp-block-image size-full\"><a href=\"www.zazdravim.sk\"><img decoding=\"async\" width=\"580\" height=\"580\" src=\"https:\/\/www.westward.sk\/wp-content\/uploads\/2023\/12\/1zazdravim.png\" alt=\"\" class=\"wp-image-250\" srcset=\"https:\/\/www.westward.sk\/wp-content\/uploads\/2023\/12\/1zazdravim.png 580w, https:\/\/www.westward.sk\/wp-content\/uploads\/2023\/12\/1zazdravim-300x300.png 300w, https:\/\/www.westward.sk\/wp-content\/uploads\/2023\/12\/1zazdravim-150x150.png 150w\" sizes=\"(max-width: 580px) 100vw, 580px\" \/><\/a><\/figure>\n\n\n\n<h3 id=\"wp-block-themeisle-blocks-advanced-heading-4ece72b2\" class=\"wp-block-themeisle-blocks-advanced-heading wp-block-themeisle-blocks-advanced-heading-4ece72b2\"><a href=\"http:\/\/www.zazdravim.sk\">www.zazdravim.sk<\/a><\/h3>\n\n\n\n<p class=\"has-text-align-center has-neve-text-color-color has-text-color\">Zna\u010dka HLH BioPharma &#8211; Probiotik\u00e1 pre zdrav\u00fa bud\u00facnos\u0165 celej rodiny.<br>  <\/p>\n<\/div>\n\n\n\n<div id=\"wp-block-themeisle-blocks-advanced-column-dbae4f08\" class=\"wp-block-themeisle-blocks-advanced-column has-light-bg\">\n<figure class=\"wp-block-image size-full\"><a href=\"www.madeformen.sk\"><img decoding=\"async\" width=\"580\" height=\"580\" src=\"https:\/\/www.westward.sk\/wp-content\/uploads\/2023\/12\/1made4men.png\" alt=\"\" class=\"wp-image-251\" srcset=\"https:\/\/www.westward.sk\/wp-content\/uploads\/2023\/12\/1made4men.png 580w, https:\/\/www.westward.sk\/wp-content\/uploads\/2023\/12\/1made4men-300x300.png 300w, https:\/\/www.westward.sk\/wp-content\/uploads\/2023\/12\/1made4men-150x150.png 150w\" sizes=\"(max-width: 580px) 100vw, 580px\" \/><\/a><\/figure>\n\n\n\n<h3 id=\"wp-block-themeisle-blocks-advanced-heading-dc433383\" class=\"wp-block-themeisle-blocks-advanced-heading wp-block-themeisle-blocks-advanced-heading-dc433383\"><a href=\"http:\/\/www.madeformen.sk\">www.madeformen.sk<\/a><\/h3>\n\n\n\n<p class=\"has-text-align-center has-neve-text-color-color has-text-color\">Produkty pre p\u00e1nsku depil\u00e1ciu a hygienu. Posu\u0148te holenie tela na vy\u0161\u0161iu \u00farove\u0148.<\/p>\n<\/div>\n<\/div><\/div>\n\n\n\n<div id=\"wp-block-themeisle-blocks-advanced-columns-faf635ef\" class=\"wp-block-themeisle-blocks-advanced-columns alignfull has-2-columns has-desktop-equal-layout has-tablet-equal-layout has-mobile-collapsedRows-layout has-vertical-unset has-light-bg\"><div class=\"wp-block-themeisle-blocks-advanced-columns-overlay\"><\/div><div class=\"innerblocks-wrap\">\n<div id=\"wp-block-themeisle-blocks-advanced-column-bb237b6e\" class=\"wp-block-themeisle-blocks-advanced-column\">\n<h2 id=\"wp-block-themeisle-blocks-advanced-heading-62af4a07\" class=\"wp-block-themeisle-blocks-advanced-heading wp-block-themeisle-blocks-advanced-heading-62af4a07\">Nap\u00ed\u0161te n\u00e1m!<\/h2>\n\n\n\n<p>V pr\u00edpade potreby n\u00e1s nev\u00e1hajte kontaktova\u0165 pomocou kontaktn\u00e9ho formul\u00e1ra. <\/p>\n\n\n\n<h3 id=\"wp-block-themeisle-blocks-advanced-heading-4320c4f7\" class=\"wp-block-themeisle-blocks-advanced-heading wp-block-themeisle-blocks-advanced-heading-4320c4f7\">Westward Trading s.r.o.<\/h3>\n\n\n\n<div id=\"wp-block-themeisle-blocks-button-group-3adf0685\" class=\"wp-block-themeisle-blocks-button-group wp-block-buttons\">\n<div id=\"wp-block-themeisle-blocks-button-a0bab6a5\" class=\"wp-block-themeisle-blocks-button wp-block-button\"><a href=\"\" target=\"_self\" rel=\"noopener noreferrer\" class=\"wp-block-button__link\"><i class=\"fas fa-fw fa-map-marker-alt margin-right\"><\/i><span>Seber\u00edniho 4\/B, Bratislava 821 03<\/span><\/a><\/div>\n<\/div>\n\n\n\n<p>I\u010cO: 45259186<br>DI\u010c: 202912111<br>I\u010c DPH: SK2022912111<\/p>\n\n\n\n<div id=\"wp-block-themeisle-blocks-button-group-c9f2370e\" class=\"wp-block-themeisle-blocks-button-group wp-block-buttons\">\n<div id=\"wp-block-themeisle-blocks-button-1fab9da1\" class=\"wp-block-themeisle-blocks-button wp-block-button\"><a href=\"\" target=\"_self\" rel=\"noopener noreferrer\" class=\"wp-block-button__link\"><i class=\"fas fa-fw fa-phone margin-right\"><\/i><span>(+421) 905 445 633<\/span><\/a><\/div>\n<\/div>\n<\/div>\n\n\n\n<div id=\"wp-block-themeisle-blocks-advanced-column-78465469\" class=\"wp-block-themeisle-blocks-advanced-column has-light-bg\">\n<div id=\"wp-block-themeisle-blocks-form-2eb7c851\" class=\"wp-block-themeisle-blocks-form\" data-option-name=\"bf9b28ff82ce323187abc5d0feb0d8f07ecd8436_2eb7c851\"><form class=\"otter-form__container\">\n<div id=\"wp-block-themeisle-blocks-form-input-524bbf39\" class=\"wp-block-themeisle-blocks-form-input\"><label for=\"wp-block-themeisle-blocks-form-input-524bbf39-input\" class=\"otter-form-input-label\"><span class=\"otter-form-input-label__label\">Va\u0161e meno<\/span><\/label><input type=\"text\" id=\"wp-block-themeisle-blocks-form-input-524bbf39-input\" class=\"otter-form-input\"\/><\/div>\n\n\n\n<div id=\"wp-block-themeisle-blocks-form-input-a8190f52\" class=\"wp-block-themeisle-blocks-form-input\"><label for=\"wp-block-themeisle-blocks-form-input-a8190f52-input\" class=\"otter-form-input-label\"><span class=\"otter-form-input-label__label\">Emailov\u00e1 adresa<\/span><span class=\"required\">*<\/span><\/label><input type=\"email\" id=\"wp-block-themeisle-blocks-form-input-a8190f52-input\" required class=\"otter-form-input\"\/><\/div>\n\n\n\n<div id=\"wp-block-themeisle-blocks-form-textarea-e61baed4\" class=\"wp-block-themeisle-blocks-form-textarea\"><label for=\"wp-block-themeisle-blocks-form-textarea-e61baed4-input\" class=\"otter-form-textarea-label\"><span class=\"otter-form-textarea-label__label\">Va\u0161a spr\u00e1va<\/span><\/label><textarea id=\"wp-block-themeisle-blocks-form-textarea-e61baed4-input\" rows=\"10\" class=\"otter-form-textarea-input\"><\/textarea><\/div>\n\n\n<div class=\"protection\" aria-hidden=\"true\"><input type=\"hidden\" id=\"wp-block-themeisle-blocks-form-2eb7c851_nonce_field\" name=\"wp-block-themeisle-blocks-form-2eb7c851_nonce_field\" value=\"9466a9b98a\" \/><input type=\"hidden\" name=\"_wp_http_referer\" value=\"\/index.php?rest_route=%2Fwp%2Fv2%2Fpages%2F86\" \/><input class=\"o-anti-bot\" type=\"checkbox\"><\/div><div class=\"wp-block-button\"><button class=\"wp-block-button__link\" type=\"submit\">Odosla\u0165<\/button><\/div><\/form><\/div>\n<\/div>\n<\/div><\/div>\n\n\n\n<div id=\"wp-block-themeisle-blocks-advanced-columns-efbdb2c9\" class=\"wp-block-themeisle-blocks-advanced-columns alignfull has-1-columns has-desktop-equal-layout has-tablet-equal-layout has-mobile-equal-layout has-vertical-unset has-dark-bg\"><div class=\"wp-block-themeisle-blocks-advanced-columns-overlay\"><\/div><div class=\"innerblocks-wrap\">\n<div id=\"wp-block-themeisle-blocks-advanced-column-e96245cc\" class=\"wp-block-themeisle-blocks-advanced-column\">\n<h1 id=\"wp-block-themeisle-blocks-advanced-heading-fa570d7a\" class=\"wp-block-themeisle-blocks-advanced-heading wp-block-themeisle-blocks-advanced-heading-fa570d7a\">Sledujte n\u00e1s<\/h1>\n<\/div>\n<\/div><\/div>\n\n\n\n<div id=\"wp-block-themeisle-blocks-advanced-columns-ccaba40d\" class=\"wp-block-themeisle-blocks-advanced-columns alignfull has-1-columns has-desktop-equal-layout has-tablet-equal-layout has-mobile-equal-layout has-vertical-unset has-dark-bg\"><div class=\"wp-block-themeisle-blocks-advanced-columns-overlay\"><\/div><div class=\"innerblocks-wrap\">\n<div id=\"wp-block-themeisle-blocks-advanced-column-4f653e0b\" class=\"wp-block-themeisle-blocks-advanced-column\">\n<div id=\"wp-block-themeisle-blocks-button-group-719d0f28\" class=\"wp-block-themeisle-blocks-button-group wp-block-buttons align-center\">\n<div id=\"wp-block-themeisle-blocks-button-9a660cfc\" class=\"wp-block-themeisle-blocks-button wp-block-button\"><a href=\"https:\/\/www.facebook.com\/madeformensk\" target=\"_blank\" rel=\"noopener noreferrer\" class=\"wp-block-button__link\"><i class=\"fab fa-fw fa-facebook-f\"><\/i><\/a><\/div>\n\n\n\n<div id=\"wp-block-themeisle-blocks-button-8d0c418b\" class=\"wp-block-themeisle-blocks-button wp-block-button\"><a href=\"https:\/\/www.instagram.com\/madeformen.sk\/\" target=\"_blank\" rel=\"noopener noreferrer\" class=\"wp-block-button__link\"><i class=\"fab fa-fw fa-instagram\"><\/i><\/a><\/div>\n\n\n\n<div id=\"wp-block-themeisle-blocks-button-7604a638\" class=\"wp-block-themeisle-blocks-button wp-block-button\"><a href=\"https:\/\/www.facebook.com\/zazdravimsk\" target=\"_blank\" rel=\"noopener noreferrer\" class=\"wp-block-button__link\"><i class=\"fab fa-fw fa-facebook-f\"><\/i><\/a><\/div>\n\n\n\n<div id=\"wp-block-themeisle-blocks-button-edc206e2\" class=\"wp-block-themeisle-blocks-button wp-block-button\"><a href=\"https:\/\/www.instagram.com\/zazdravim.sk\/\" target=\"_blank\" rel=\"noopener noreferrer\" class=\"wp-block-button__link\"><i class=\"fab fa-fw fa-instagram\"><\/i><\/a><\/div>\n<\/div>\n<\/div>\n<\/div><\/div>\n","protected":false},"excerpt":{"rendered":"","protected":false},"author":1,"featured_media":0,"parent":0,"menu_order":0,"comment_status":"closed","ping_status":"closed","template":"page-templates\/template-pagebuilder-full-width.php","meta":{"neve_meta_sidebar":"full-width","neve_meta_container":"","neve_meta_enable_content_width":"on","neve_meta_content_width":100,"neve_meta_title_alignment":"","neve_meta_author_avatar":"","neve_post_elements_order":"","neve_meta_disable_header":"","neve_meta_disable_footer":"","neve_meta_disable_title":"","_themeisle_gutenberg_block_has_review":false,"_ti_tpc_template_sync":true,"_ti_tpc_template_id":"td9kxtrvh5ft79amh21s","footnotes":""},"yoast_head":"<!-- This site is optimized with the Yoast SEO plugin v21.7 - https:\/\/yoast.com\/wordpress\/plugins\/seo\/ -->\n<title>Home - WESTWARD Trading s.r.o.<\/title>\n<meta name=\"robots\" content=\"index, follow, max-snippet:-1, max-image-preview:large, max-video-preview:-1\" \/>\n<link rel=\"canonical\" href=\"https:\/\/www.westward.sk\/\" \/>\n<meta property=\"og:locale\" content=\"sk_SK\" \/>\n<meta property=\"og:type\" content=\"article\" \/>\n<meta property=\"og:title\" content=\"Home - WESTWARD Trading s.r.o.\" \/>\n<meta property=\"og:url\" content=\"https:\/\/www.westward.sk\/\" \/>\n<meta property=\"og:site_name\" content=\"WESTWARD Trading s.r.o.\" \/>\n<meta property=\"article:modified_time\" content=\"2023-12-15T14:33:51+00:00\" \/>\n<meta property=\"og:image\" content=\"https:\/\/www.westward.sk\/wp-content\/uploads\/2023\/12\/1buffalohunterwinery.png\" \/>\n<meta name=\"twitter:card\" content=\"summary_large_image\" \/>\n<meta name=\"twitter:label1\" content=\"Predpokladan\u00fd \u010das \u010d\u00edtania\" \/>\n\t<meta name=\"twitter:data1\" content=\"2 min\u00faty\" \/>\n<script type=\"application\/ld+json\" class=\"yoast-schema-graph\">{\"@context\":\"https:\/\/schema.org\",\"@graph\":[{\"@type\":\"WebPage\",\"@id\":\"https:\/\/www.westward.sk\/\",\"url\":\"https:\/\/www.westward.sk\/\",\"name\":\"Home - WESTWARD Trading s.r.o.\",\"isPartOf\":{\"@id\":\"https:\/\/www.westward.sk\/#website\"},\"datePublished\":\"2020-03-23T11:30:41+00:00\",\"dateModified\":\"2023-12-15T14:33:51+00:00\",\"breadcrumb\":{\"@id\":\"https:\/\/www.westward.sk\/#breadcrumb\"},\"inLanguage\":\"sk-SK\",\"potentialAction\":[{\"@type\":\"ReadAction\",\"target\":[\"https:\/\/www.westward.sk\/\"]}]},{\"@type\":\"BreadcrumbList\",\"@id\":\"https:\/\/www.westward.sk\/#breadcrumb\",\"itemListElement\":[{\"@type\":\"ListItem\",\"position\":1,\"name\":\"Home\",\"item\":\"https:\/\/www.westward.sk\/\"},{\"@type\":\"ListItem\",\"position\":2,\"name\":\"Home\"}]},{\"@type\":\"WebSite\",\"@id\":\"https:\/\/www.westward.sk\/#website\",\"url\":\"https:\/\/www.westward.sk\/\",\"name\":\"WESTWARD Trading s.r.o.\",\"description\":\"\",\"publisher\":{\"@id\":\"https:\/\/www.westward.sk\/#organization\"},\"potentialAction\":[{\"@type\":\"SearchAction\",\"target\":{\"@type\":\"EntryPoint\",\"urlTemplate\":\"https:\/\/www.westward.sk\/?s={search_term_string}\"},\"query-input\":\"required name=search_term_string\"}],\"inLanguage\":\"sk-SK\"},{\"@type\":\"Organization\",\"@id\":\"https:\/\/www.westward.sk\/#organization\",\"name\":\"WESTWARD Trading s.r.o.\",\"url\":\"https:\/\/www.westward.sk\/\",\"logo\":{\"@type\":\"ImageObject\",\"inLanguage\":\"sk-SK\",\"@id\":\"https:\/\/www.westward.sk\/#\/schema\/logo\/image\/\",\"url\":\"https:\/\/www.westward.sk\/wp-content\/uploads\/2020\/12\/rokophoto-logo-1.png\",\"contentUrl\":\"https:\/\/www.westward.sk\/wp-content\/uploads\/2020\/12\/rokophoto-logo-1.png\",\"width\":166,\"height\":166,\"caption\":\"WESTWARD Trading s.r.o.\"},\"image\":{\"@id\":\"https:\/\/www.westward.sk\/#\/schema\/logo\/image\/\"}}]}<\/script>\n<!-- \/ Yoast SEO plugin. -->","yoast_head_json":{"title":"Home - WESTWARD Trading s.r.o.","robots":{"index":"index","follow":"follow","max-snippet":"max-snippet:-1","max-image-preview":"max-image-preview:large","max-video-preview":"max-video-preview:-1"},"canonical":"https:\/\/www.westward.sk\/","og_locale":"sk_SK","og_type":"article","og_title":"Home - WESTWARD Trading s.r.o.","og_url":"https:\/\/www.westward.sk\/","og_site_name":"WESTWARD Trading s.r.o.","article_modified_time":"2023-12-15T14:33:51+00:00","og_image":[{"url":"https:\/\/www.westward.sk\/wp-content\/uploads\/2023\/12\/1buffalohunterwinery.png"}],"twitter_card":"summary_large_image","twitter_misc":{"Predpokladan\u00fd \u010das \u010d\u00edtania":"2 min\u00faty"},"schema":{"@context":"https:\/\/schema.org","@graph":[{"@type":"WebPage","@id":"https:\/\/www.westward.sk\/","url":"https:\/\/www.westward.sk\/","name":"Home - WESTWARD Trading s.r.o.","isPartOf":{"@id":"https:\/\/www.westward.sk\/#website"},"datePublished":"2020-03-23T11:30:41+00:00","dateModified":"2023-12-15T14:33:51+00:00","breadcrumb":{"@id":"https:\/\/www.westward.sk\/#breadcrumb"},"inLanguage":"sk-SK","potentialAction":[{"@type":"ReadAction","target":["https:\/\/www.westward.sk\/"]}]},{"@type":"BreadcrumbList","@id":"https:\/\/www.westward.sk\/#breadcrumb","itemListElement":[{"@type":"ListItem","position":1,"name":"Home","item":"https:\/\/www.westward.sk\/"},{"@type":"ListItem","position":2,"name":"Home"}]},{"@type":"WebSite","@id":"https:\/\/www.westward.sk\/#website","url":"https:\/\/www.westward.sk\/","name":"WESTWARD Trading s.r.o.","description":"","publisher":{"@id":"https:\/\/www.westward.sk\/#organization"},"potentialAction":[{"@type":"SearchAction","target":{"@type":"EntryPoint","urlTemplate":"https:\/\/www.westward.sk\/?s={search_term_string}"},"query-input":"required name=search_term_string"}],"inLanguage":"sk-SK"},{"@type":"Organization","@id":"https:\/\/www.westward.sk\/#organization","name":"WESTWARD Trading s.r.o.","url":"https:\/\/www.westward.sk\/","logo":{"@type":"ImageObject","inLanguage":"sk-SK","@id":"https:\/\/www.westward.sk\/#\/schema\/logo\/image\/","url":"https:\/\/www.westward.sk\/wp-content\/uploads\/2020\/12\/rokophoto-logo-1.png","contentUrl":"https:\/\/www.westward.sk\/wp-content\/uploads\/2020\/12\/rokophoto-logo-1.png","width":166,"height":166,"caption":"WESTWARD Trading s.r.o."},"image":{"@id":"https:\/\/www.westward.sk\/#\/schema\/logo\/image\/"}}]}},"_links":{"self":[{"href":"https:\/\/www.westward.sk\/index.php?rest_route=\/wp\/v2\/pages\/86"}],"collection":[{"href":"https:\/\/www.westward.sk\/index.php?rest_route=\/wp\/v2\/pages"}],"about":[{"href":"https:\/\/www.westward.sk\/index.php?rest_route=\/wp\/v2\/types\/page"}],"author":[{"embeddable":true,"href":"https:\/\/www.westward.sk\/index.php?rest_route=\/wp\/v2\/users\/1"}],"replies":[{"embeddable":true,"href":"https:\/\/www.westward.sk\/index.php?rest_route=%2Fwp%2Fv2%2Fcomments&post=86"}],"version-history":[{"count":5,"href":"https:\/\/www.westward.sk\/index.php?rest_route=\/wp\/v2\/pages\/86\/revisions"}],"predecessor-version":[{"id":285,"href":"https:\/\/www.westward.sk\/index.php?rest_route=\/wp\/v2\/pages\/86\/revisions\/285"}],"wp:attachment":[{"href":"https:\/\/www.westward.sk\/index.php?rest_route=%2Fwp%2Fv2%2Fmedia&parent=86"}],"curies":[{"name":"wp","href":"https:\/\/api.w.org\/{rel}","templated":true}]}}